{"id":2,"date":"2018-08-24T10:44:31","date_gmt":"2018-08-24T08:44:31","guid":{"rendered":"http:\/\/mediathequesdugolfe.net\/?page_id=2"},"modified":"2018-08-27T16:11:19","modified_gmt":"2018-08-27T14:11:19","slug":"gestsup","status":"publish","type":"page","link":"http:\/\/mediathequesdugolfe.net\/index.php\/gestsup\/","title":{"rendered":"Support Informatique SIGB"},"content":{"rendered":"<p>Afin de recueillir et centraliser les demandes d&rsquo;am\u00e9lioration ou de correction sur le syst\u00e8me de gestion de biblioth\u00e8que mutualis\u00e9, nous mettons en place une plateforme de gestion de support :<\/p>\n<p><a class=\"fasc-button fasc-size-medium fasc-type-flat fasc-rounded-medium\" style=\"background-color: #33809e; color: #000000;\" target=\"_blank\" href=\"http:\/\/gestsup.mediathequesdugolfe.net\">Logiciel GestSup<\/a><\/p>\n<p>Connectez-vous avec les identifiants qui vous ont \u00e9t\u00e9 communiqu\u00e9 par le Service Lecture Publique de Golfe Morbihan Vannes Agglom\u00e9ration.<\/p>\n<p><a href=\"http:\/\/gestsup.mediathequesdugolfe.net\"><img loading=\"lazy\" decoding=\"async\" class=\"alignnone size-medium wp-image-81\" src=\"http:\/\/mediathequesdugolfe.net\/wp-content\/uploads\/2018\/08\/gestsup2-238x300.png\" alt=\"\" width=\"238\" height=\"300\" srcset=\"http:\/\/mediathequesdugolfe.net\/wp-content\/uploads\/2018\/08\/gestsup2-238x300.png 238w, http:\/\/mediathequesdugolfe.net\/wp-content\/uploads\/2018\/08\/gestsup2.png 576w\" sizes=\"(max-width: 238px) 100vw, 238px\" \/><\/a><\/p>\n<p>&nbsp;<\/p>\n<div class=\"vc_col-sm-12 wpb_column column_container\" data-animation=\"\" data-delay=\"0\">\n<div class=\"wpb_wrapper\">\n<div class=\"wpb_text_column wpb_content_element align_middle\">\n<div class=\"wpb_wrapper\">\n<p>Pour permettre une prise en main \u00e0 distance de vos postes par nos \u00e9quipes, nous vous invitons \u00e0 t\u00e9l\u00e9charger le logiciel AnyDesk&nbsp;:&nbsp;<\/p>\n<p><a class=\"fasc-button fasc-size-medium fasc-type-flat fasc-rounded-medium\" style=\"background-color: #33809e; color: #ffffff;\" target=\"_blank\" href=\"https:\/\/anydesk.fr\/plate-formes\/windows#updates\">Logiciel AnyDesk<\/a><\/p>\n<\/div>\n<\/div>\n<\/div>\n<\/div>\n<div class=\"vc_col-sm-6 entre_pres wpb_column column_container\" data-animation=\"\" data-delay=\"0\">\n<div class=\"wpb_wrapper\">\n<div class=\"wpb_text_column wpb_content_element \">\n<div class=\"wpb_wrapper\"><img loading=\"lazy\" decoding=\"async\" class=\"alignnone size-medium wp-image-92\" src=\"http:\/\/mediathequesdugolfe.net\/wp-content\/uploads\/2018\/08\/imgingest-4204419138290094822-300x200.png\" alt=\"\" width=\"300\" height=\"200\"><\/div>\n<\/div>\n<\/div>\n<\/div>\n","protected":false},"excerpt":{"rendered":"<p>Afin de recueillir et centraliser les demandes d&rsquo;am\u00e9lioration ou de correction sur le syst\u00e8me de gestion de biblioth\u00e8que mutualis\u00e9, nous mettons en place une plateforme de gestion de support : Logiciel GestSup Connectez-vous avec les identifiants qui vous ont \u00e9t\u00e9 communiqu\u00e9 par le Service Lecture Publique de Golfe Morbihan Vannes Agglom\u00e9ration. &nbsp; Pour permettre une &hellip; <\/p>\n<p class=\"link-more\"><a href=\"http:\/\/mediathequesdugolfe.net\/index.php\/gestsup\/\" class=\"more-link\">Continuer la lecture<span class=\"screen-reader-text\"> de &laquo;&nbsp;Support Informatique SIGB&nbsp;&raquo;<\/span><\/a><\/p>\n","protected":false},"author":1,"featured_media":0,"parent":0,"menu_order":0,"comment_status":"closed","ping_status":"open","template":"","meta":{"footnotes":""},"_links":{"self":[{"href":"http:\/\/mediathequesdugolfe.net\/index.php\/wp-json\/wp\/v2\/pages\/2"}],"collection":[{"href":"http:\/\/mediathequesdugolfe.net\/index.php\/wp-json\/wp\/v2\/pages"}],"about":[{"href":"http:\/\/mediathequesdugolfe.net\/index.php\/wp-json\/wp\/v2\/types\/page"}],"author":[{"embeddable":true,"href":"http:\/\/mediathequesdugolfe.net\/index.php\/wp-json\/wp\/v2\/users\/1"}],"replies":[{"embeddable":true,"href":"http:\/\/mediathequesdugolfe.net\/index.php\/wp-json\/wp\/v2\/comments?post=2"}],"version-history":[{"count":11,"href":"http:\/\/mediathequesdugolfe.net\/index.php\/wp-json\/wp\/v2\/pages\/2\/revisions"}],"predecessor-version":[{"id":100,"href":"http:\/\/mediathequesdugolfe.net\/index.php\/wp-json\/wp\/v2\/pages\/2\/revisions\/100"}],"wp:attachment":[{"href":"http:\/\/mediathequesdugolfe.net\/index.php\/wp-json\/wp\/v2\/media?parent=2"}],"curies":[{"name":"wp","href":"https:\/\/api.w.org\/{rel}","templated":true}]}}