{"id":23,"date":"2018-08-24T10:57:34","date_gmt":"2018-08-24T08:57:34","guid":{"rendered":"http:\/\/mediathequesdugolfe.net\/?page_id=23"},"modified":"2019-04-10T15:47:57","modified_gmt":"2019-04-10T13:47:57","slug":"newsletter","status":"publish","type":"page","link":"http:\/\/mediathequesdugolfe.net\/index.php\/newsletter\/","title":{"rendered":"Newsletter"},"content":{"rendered":"<p>Depuis le lancement du projet, une lettre d&rsquo;information est envoy\u00e9e aux biblioth\u00e9caires qui participent \u00e0 la mise en r\u00e9seau des M\u00e9diath\u00e8ques du Golfe.<br \/>\nRetrouvez les archives ci-dessous :<\/p>\n<ul>\n<li><a href=\"http:\/\/sh1.sendinblue.com\/nnpmwfbmgc.html?t=1554902830\"> Infos r\u00e9seau#55<\/a> (05 avril 2019)<\/li>\n<li><a href=\"http:\/\/sh1.sendinblue.com\/nng5kfbmgc.html?t=1554902830\">Infos r\u00e9seau#54<\/a> (29 mars2019)<\/li>\n<li><a href=\"http:\/\/sh1.sendinblue.com\/nn6o8fbmgc.html?t=1554902830\">Infos r\u00e9seau#53<\/a> (22 mars 2019)<\/li>\n<li><a href=\"http:\/\/sh1.sendinblue.com\/nmx6wfbmgc.html?t=1554902830\">Infos r\u00e9seau#52<\/a> (15 mars 2019)<\/li>\n<li><a href=\"http:\/\/sh1.sendinblue.com\/nmnpkfbmgc.html?t=1554902830\">Infos r\u00e9seau#51 <\/a> (08 mars 2019)<\/li>\n<li><a href=\"http:\/\/sh1.sendinblue.com\/nme88fbmgc.html?t=1554903293\">Infos r\u00e9seau#50<\/a> (01 mars 2019)<\/li>\n<li><a href=\"http:\/\/sh1.sendinblue.com\/nlls8fbmgc.html?t=1554903293\">Infos r\u00e9seau#49<\/a> (08 f\u00e9vrier 2019)<\/li>\n<li><a href=\"http:\/\/sh1.sendinblue.com\/nl2tkfbmgc.html?t=1554903293\">Infos r\u00e9seau#47<\/a> (1er f\u00e9vrier 2019)<\/li>\n<li><a href=\"http:\/\/sh1.sendinblue.com\/nlcawfbmgc.html?t=1554903293\">Infos r\u00e9seau#48<\/a> (28 janvier 2019)<\/li>\n<li><a href=\"http:\/\/sh1.sendinblue.com\/nlcawfbmgc.html?t=1554903293\">Infos r\u00e9seau#<\/a>46 (25<\/li>\n<li>Infos r\u00e9seau#<\/li>\n<li>Infos r\u00e9seau#<\/li>\n<li>Infos r\u00e9seau#<\/li>\n<li>Infos r\u00e9seau#<\/li>\n<li><a href=\"http:\/\/sh1.sendinblue.com\/ni6iwfbmgc.html?t=1554902226\">Infos r\u00e9seau#38<\/a> (15 novembre 2018)<\/li>\n<li>Infos r\u00e9seau#37<\/li>\n<li>Infos r\u00e9seau#36<\/li>\n<li>Infos r\u00e9seau#35<\/li>\n<li>Infos r\u00e9seau#34<\/li>\n<li>Infos r\u00e9seau#33<\/li>\n<li>Infos r\u00e9seau#32<\/li>\n<li>Infos r\u00e9seau#31<\/li>\n<li>Infos r\u00e9seau#30<\/li>\n<li><a href=\"http:\/\/sh1.sendinblue.com\/nfa88fbmgc.html?t=1535109820\">Infos r\u00e9seau#29<\/a><\/li>\n<li><a href=\"http:\/\/sh1.sendinblue.com\/nf0qwfbmgc.html?t=1535109820\">Infos r\u00e9seau#28<\/a><\/li>\n<li><a href=\"http:\/\/sh1.sendinblue.com\/nf0qwfbmgc.html?t=1535109820\">Infos r\u00e9seau#27<\/a><\/li>\n<li><a href=\"http:\/\/sh1.sendinblue.com\/nf0qwfbmgc.html?t=1535109820\">Infos r\u00e9seau#26<\/a><\/li>\n<li><a href=\"http:\/\/sh1.sendinblue.com\/ne8awfbmgc.html?t=1535109820\">Infos r\u00e9seau#25<\/a><\/li>\n<li><a href=\"http:\/\/sh1.sendinblue.com\/ndytkfbmgc.html?t=1535109820\">Infos r\u00e9seau#24<\/a><\/li>\n<li><a href=\"http:\/\/sh1.sendinblue.com\/ndpc8fbmgc.html?t=1535109820\">Infos r\u00e9seau#23<\/a><\/li>\n<li><a href=\"http:\/\/sh1.sendinblue.com\/ndpc8fbmgc.html?t=1535109820\">Infos r\u00e9seau#22<\/a><\/li>\n<li><a href=\"http:\/\/sh1.sendinblue.com\/ncww8fbmgc.html?t=1535109820\">Infos r\u00e9seau#20<\/a><\/li>\n<li><a href=\"http:\/\/sh1.sendinblue.com\/nc4g8fbmgc.html?t=1535109820\">Infos r\u00e9seau#19<\/a><\/li>\n<li><a href=\"http:\/\/sh1.sendinblue.com\/nbuywfbmgc.html?t=1535110169\">Infos r\u00e9seau#18<\/a><\/li>\n<li><a href=\"http:\/\/sh1.sendinblue.com\/nblhkfbmgc.html?t=1535110169\">Infos r\u00e9seau#17<\/a><\/li>\n<li><a href=\"http:\/\/sh1.sendinblue.com\/nbc08fbmgc.html?t=1535110169\">Infos r\u00e9seau#16<\/a><\/li>\n<li><a href=\"http:\/\/sh1.sendinblue.com\/nb2iwfbmgc.html?t=1535110169\">Infos r\u00e9seau#15<\/a><\/li>\n<li><a href=\"http:\/\/sh1.sendinblue.com\/nat1kfbmgc.html?t=1535110169\">Infos r\u00e9seau#14<\/a><\/li>\n<li><a href=\"http:\/\/sh1.sendinblue.com\/najk8fbmgc.html?t=1535110169\">Infos r\u00e9seau#13<\/a><\/li>\n<li><a href=\"http:\/\/sh1.sendinblue.com\/naa2wfbmgc.html?t=1535110169\">Infos r\u00e9seau#12<\/a><\/li>\n<li><a href=\"http:\/\/sh1.sendinblue.com\/204g8fbmgc.html?t=1535110169\">Infos r\u00e9seau#09<\/a><\/li>\n<li><a href=\"http:\/\/sh1.sendinblue.com\/1zuywfbmgc.html?t=1535110169\">Infos r\u00e9seau#08<\/a><\/li>\n<li><a href=\"http:\/\/sh1.sendinblue.com\/1zlhkfbmgc.html?t=1535110169\">Infos r\u00e9seau#07<\/a><\/li>\n<li><a href=\"http:\/\/sh1.sendinblue.com\/1z2iwfbmgc.html?t=1535110319\">Infos r\u00e9seau#05<\/a><\/li>\n<li><a href=\"http:\/\/sh1.sendinblue.com\/1yt1kfbmgc.html?t=1535110319\">Infos r\u00e9seau#04<\/a><\/li>\n<li><a href=\"http:\/\/sh1.sendinblue.com\/1yjk8fbmgc.html?t=1535110319\">Infos r\u00e9seau#03<\/a><\/li>\n<li><a href=\"http:\/\/sh1.sendinblue.com\/1ya2wfbmgc.html?t=1535110319\">Infos r\u00e9seau#02<\/a><\/li>\n<\/ul>\n<p><img loading=\"lazy\" decoding=\"async\" class=\"alignnone size-medium wp-image-55\" src=\"http:\/\/mediathequesdugolfe.net\/wp-content\/uploads\/2018\/08\/papers-300x200.jpg\" alt=\"\" width=\"300\" height=\"200\" \/><\/p>\n","protected":false},"excerpt":{"rendered":"<p>Depuis le lancement du projet, une lettre d&rsquo;information est envoy\u00e9e aux biblioth\u00e9caires qui participent \u00e0 la mise en r\u00e9seau des M\u00e9diath\u00e8ques du Golfe. Retrouvez les archives ci-dessous : Infos r\u00e9seau#55 (05 avril 2019) Infos r\u00e9seau#54 (29 mars2019) Infos r\u00e9seau#53 (22 mars 2019) Infos r\u00e9seau#52 (15 mars 2019) Infos r\u00e9seau#51 (08 mars 2019) Infos r\u00e9seau#50 (01 &hellip; <\/p>\n<p class=\"link-more\"><a href=\"http:\/\/mediathequesdugolfe.net\/index.php\/newsletter\/\" class=\"more-link\">Continuer la lecture<span class=\"screen-reader-text\"> de &laquo;&nbsp;Newsletter&nbsp;&raquo;<\/span><\/a><\/p>\n","protected":false},"author":1,"featured_media":0,"parent":0,"menu_order":0,"comment_status":"closed","ping_status":"closed","template":"","meta":{"footnotes":""},"_links":{"self":[{"href":"http:\/\/mediathequesdugolfe.net\/index.php\/wp-json\/wp\/v2\/pages\/23"}],"collection":[{"href":"http:\/\/mediathequesdugolfe.net\/index.php\/wp-json\/wp\/v2\/pages"}],"about":[{"href":"http:\/\/mediathequesdugolfe.net\/index.php\/wp-json\/wp\/v2\/types\/page"}],"author":[{"embeddable":true,"href":"http:\/\/mediathequesdugolfe.net\/index.php\/wp-json\/wp\/v2\/users\/1"}],"replies":[{"embeddable":true,"href":"http:\/\/mediathequesdugolfe.net\/index.php\/wp-json\/wp\/v2\/comments?post=23"}],"version-history":[{"count":8,"href":"http:\/\/mediathequesdugolfe.net\/index.php\/wp-json\/wp\/v2\/pages\/23\/revisions"}],"predecessor-version":[{"id":142,"href":"http:\/\/mediathequesdugolfe.net\/index.php\/wp-json\/wp\/v2\/pages\/23\/revisions\/142"}],"wp:attachment":[{"href":"http:\/\/mediathequesdugolfe.net\/index.php\/wp-json\/wp\/v2\/media?parent=23"}],"curies":[{"name":"wp","href":"https:\/\/api.w.org\/{rel}","templated":true}]}}