{"id":24,"date":"2018-08-24T10:57:34","date_gmt":"2018-08-24T08:57:34","guid":{"rendered":"http:\/\/mediathequesdugolfe.net\/?page_id=24"},"modified":"2018-08-27T13:57:07","modified_gmt":"2018-08-27T11:57:07","slug":"logiciel-decalog-sigb","status":"publish","type":"page","link":"http:\/\/mediathequesdugolfe.net\/index.php\/logiciel-decalog-sigb\/","title":{"rendered":"Logiciel Decalog SIGB"},"content":{"rendered":"<p>Acc\u00e9dez au Syst\u00e8me de Gestion du r\u00e9seau des M\u00e9diath\u00e8ques du Golfe<\/p>\n<p><a class=\"fasc-button fasc-size-large fasc-type-flat fasc-rounded-medium\" style=\"background-color: #33809e; color: #000000;\" target=\"_blank\" rel=\"noopener\" href=\"https:\/\/sigbformation.decalog.net\">Logiciel D\u00e9calog SIGB<\/a><\/p>\n<p><a href=\"https:\/\/sigbformation.decalog.net\"><img loading=\"lazy\" decoding=\"async\" class=\"alignnone size-medium wp-image-51\" src=\"http:\/\/mediathequesdugolfe.net\/wp-content\/uploads\/2018\/08\/decalog-300x188.png\" alt=\"\" width=\"300\" height=\"188\"><\/a><\/p>\n<p>&nbsp;<\/p>\n","protected":false},"excerpt":{"rendered":"<p>Acc\u00e9dez au Syst\u00e8me de Gestion du r\u00e9seau des M\u00e9diath\u00e8ques du Golfe Logiciel D\u00e9calog SIGB &nbsp;<\/p>\n","protected":false},"author":1,"featured_media":0,"parent":0,"menu_order":0,"comment_status":"closed","ping_status":"closed","template":"","meta":{"footnotes":""},"_links":{"self":[{"href":"http:\/\/mediathequesdugolfe.net\/index.php\/wp-json\/wp\/v2\/pages\/24"}],"collection":[{"href":"http:\/\/mediathequesdugolfe.net\/index.php\/wp-json\/wp\/v2\/pages"}],"about":[{"href":"http:\/\/mediathequesdugolfe.net\/index.php\/wp-json\/wp\/v2\/types\/page"}],"author":[{"embeddable":true,"href":"http:\/\/mediathequesdugolfe.net\/index.php\/wp-json\/wp\/v2\/users\/1"}],"replies":[{"embeddable":true,"href":"http:\/\/mediathequesdugolfe.net\/index.php\/wp-json\/wp\/v2\/comments?post=24"}],"version-history":[{"count":8,"href":"http:\/\/mediathequesdugolfe.net\/index.php\/wp-json\/wp\/v2\/pages\/24\/revisions"}],"predecessor-version":[{"id":96,"href":"http:\/\/mediathequesdugolfe.net\/index.php\/wp-json\/wp\/v2\/pages\/24\/revisions\/96"}],"wp:attachment":[{"href":"http:\/\/mediathequesdugolfe.net\/index.php\/wp-json\/wp\/v2\/media?parent=24"}],"curies":[{"name":"wp","href":"https:\/\/api.w.org\/{rel}","templated":true}]}}