{"id":25,"date":"2018-08-24T10:57:34","date_gmt":"2018-08-24T08:57:34","guid":{"rendered":"http:\/\/mediathequesdugolfe.net\/?page_id=25"},"modified":"2019-05-10T11:38:00","modified_gmt":"2019-05-10T09:38:00","slug":"portail-decalog","status":"publish","type":"page","link":"http:\/\/mediathequesdugolfe.net\/index.php\/portail-decalog\/","title":{"rendered":"Portail Decalog"},"content":{"rendered":"<p>Retrouvez ici le lien vers le portail public D\u00e9calog :&nbsp;<\/p>\n<p><a class=\"fasc-button fasc-size-medium fasc-type-flat fasc-rounded-medium\" style=\"background-color: #33809e; color: #ffffff;\" target=\"_blank\" href=\"https:\/\/www.mediathequesdugolfe.bzh\">Portail M\u00e9diath\u00e8ques du Golfe<\/a><\/p>\n<p><a href=\"http:\/\/www.mediathequesdugolfe.bzh\"><img loading=\"lazy\" decoding=\"async\" class=\"alignnone size-medium wp-image-148\" src=\"http:\/\/mediathequesdugolfe.net\/wp-content\/uploads\/2019\/05\/PORTAIL-300x158.jpg\" alt=\"portail des m\u00e9diath\u00e9ques du Golfe\" width=\"300\" height=\"158\" srcset=\"http:\/\/mediathequesdugolfe.net\/wp-content\/uploads\/2019\/05\/PORTAIL-300x158.jpg 300w, http:\/\/mediathequesdugolfe.net\/wp-content\/uploads\/2019\/05\/PORTAIL-768x406.jpg 768w, http:\/\/mediathequesdugolfe.net\/wp-content\/uploads\/2019\/05\/PORTAIL-1024x541.jpg 1024w, http:\/\/mediathequesdugolfe.net\/wp-content\/uploads\/2019\/05\/PORTAIL.jpg 1695w\" sizes=\"(max-width: 300px) 100vw, 300px\" \/><\/a><\/p>\n<p>&nbsp;<\/p>\n","protected":false},"excerpt":{"rendered":"<p>Retrouvez ici le lien vers le portail public D\u00e9calog :&nbsp; Portail M\u00e9diath\u00e8ques du Golfe &nbsp;<\/p>\n","protected":false},"author":1,"featured_media":0,"parent":0,"menu_order":0,"comment_status":"closed","ping_status":"closed","template":"","meta":{"footnotes":""},"_links":{"self":[{"href":"http:\/\/mediathequesdugolfe.net\/index.php\/wp-json\/wp\/v2\/pages\/25"}],"collection":[{"href":"http:\/\/mediathequesdugolfe.net\/index.php\/wp-json\/wp\/v2\/pages"}],"about":[{"href":"http:\/\/mediathequesdugolfe.net\/index.php\/wp-json\/wp\/v2\/types\/page"}],"author":[{"embeddable":true,"href":"http:\/\/mediathequesdugolfe.net\/index.php\/wp-json\/wp\/v2\/users\/1"}],"replies":[{"embeddable":true,"href":"http:\/\/mediathequesdugolfe.net\/index.php\/wp-json\/wp\/v2\/comments?post=25"}],"version-history":[{"count":7,"href":"http:\/\/mediathequesdugolfe.net\/index.php\/wp-json\/wp\/v2\/pages\/25\/revisions"}],"predecessor-version":[{"id":149,"href":"http:\/\/mediathequesdugolfe.net\/index.php\/wp-json\/wp\/v2\/pages\/25\/revisions\/149"}],"wp:attachment":[{"href":"http:\/\/mediathequesdugolfe.net\/index.php\/wp-json\/wp\/v2\/media?parent=25"}],"curies":[{"name":"wp","href":"https:\/\/api.w.org\/{rel}","templated":true}]}}